{"id":1136,"date":"2025-07-29T19:51:12","date_gmt":"2025-07-29T19:51:12","guid":{"rendered":"https:\/\/aquallux.com.br\/?page_id=1136"},"modified":"2025-07-29T19:55:52","modified_gmt":"2025-07-29T19:55:52","slug":"politica-de-privacidade-2","status":"publish","type":"page","link":"https:\/\/aquallux.com.br\/?page_id=1136","title":{"rendered":"Pol\u00edtica de privacidade"},"content":{"rendered":"\t\t<div data-elementor-type=\"wp-page\" data-elementor-id=\"1136\" class=\"elementor elementor-1136\">\n\t\t\t\t<div class=\"elementor-element elementor-element-09259af e-flex e-con-boxed e-con e-parent\" data-id=\"09259af\" data-element_type=\"container\" data-e-type=\"container\">\n\t\t\t\t\t<div class=\"e-con-inner\">\n\t\t\t\t<div class=\"elementor-element elementor-element-a0dfec8 elementor-widget elementor-widget-heading\" data-id=\"a0dfec8\" data-element_type=\"widget\" data-e-type=\"widget\" data-widget_type=\"heading.default\">\n\t\t\t\t<div class=\"elementor-widget-container\">\n\t\t\t\t\t<h2 class=\"elementor-heading-title elementor-size-default\"><h1 class=\"elementor-heading-title elementor-size-default\" style=\", sans-serif;font-weight: 600;text-align: center\">Pol\u00edtica de privacidade<\/h1><\/h2>\t\t\t\t<\/div>\n\t\t\t\t<\/div>\n\t\t\t\t\t<\/div>\n\t\t\t\t<\/div>\n\t\t<div class=\"elementor-element elementor-element-197bfb6 e-flex e-con-boxed e-con e-parent\" data-id=\"197bfb6\" data-element_type=\"container\" data-e-type=\"container\">\n\t\t\t\t\t<div class=\"e-con-inner\">\n\t\t\t\t<div class=\"elementor-element elementor-element-5a88e6f elementor-widget elementor-widget-heading\" data-id=\"5a88e6f\" data-element_type=\"widget\" data-e-type=\"widget\" data-widget_type=\"heading.default\">\n\t\t\t\t<div class=\"elementor-widget-container\">\n\t\t\t\t\t<h2 class=\"elementor-heading-title elementor-size-default\">Pol\u00edtica de Privacidade e Coleta de Dados\n<br>\nColeta de Dados\nAo fornecer informa\u00e7\u00f5es para a realiza\u00e7\u00e3o de or\u00e7amentos e pedidos, coletamos os seguintes dados pessoais necess\u00e1rios para atender \u00e0s suas solicita\u00e7\u00f5es:\n<br>\nInforma\u00e7\u00f5es de Contato: Nome completo, endere\u00e7o de e-mail, n\u00famero de telefone, endere\u00e7o postal e CPF.\nInforma\u00e7\u00f5es de Pedido: Detalhes espec\u00edficos dos produtos ou servi\u00e7os solicitados.\n<br>\nUso dos Dados\nOs dados coletados ser\u00e3o utilizados exclusivamente para os seguintes prop\u00f3sitos:\n\nProcessamento de Pedidos: Para fornecer os produtos ou servi\u00e7os solicitados e gerenciar a entrega.<br>\nComunica\u00e7\u00e3o: Para responder \u00e0s suas solicita\u00e7\u00f5es, fornecer suporte ao cliente e enviar informa\u00e7\u00f5es relacionadas ao seu pedido.<br>\nPersonaliza\u00e7\u00e3o: Para personalizar sua experi\u00eancia de compra e melhorar nossos servi\u00e7os.<br>\nCumprimento Legal: Para cumprir com obriga\u00e7\u00f5es legais e regulat\u00f3rias aplic\u00e1veis.  Lei Geral de Prote\u00e7\u00e3o de Dados Pessoais (LGPD), Lei n\u00b0 13.709, de 14\/08\/2018.<br>\n\nSeguran\u00e7a dos Dados\nTodos os dados pessoais s\u00e3o armazenados de forma segura e protegidos contra acessos n\u00e3o autorizados.\nUtilizamos medidas t\u00e9cnicas e organizacionais adequadas para proteger suas informa\u00e7\u00f5es contra perda, uso indevido ou altera\u00e7\u00e3o.\n\n\nReten\u00e7\u00e3o dos Dados\nOs dados pessoais ser\u00e3o mantidos apenas pelo tempo necess\u00e1rio para cumprir os prop\u00f3sitos para os quais foram coletados, a menos que um per\u00edodo de reten\u00e7\u00e3o mais longo seja necess\u00e1rio ou permitido por lei.<\/h2>\t\t\t\t<\/div>\n\t\t\t\t<\/div>\n\t\t\t\t\t<\/div>\n\t\t\t\t<\/div>\n\t\t\t\t<\/div>\n\t\t<div style=\"margin: 20px 0;\"><div class=\"qrcswholewtapper\" style=\"text-align:left;\"><div class=\"qrcprowrapper\"  id=\"qrcwraa2leds\"><div class=\"qrc_canvass\" id=\"qrc_cuttenpages_2\" style=\"display:none\" data-text=\"https:\/\/aquallux.com.br\/?page_id=1136\"><\/div><div><a download=\"Pol\u00edtica de privacidade.png\" class=\"qrcdownloads\" id=\"worign\">\r\n           <button type=\"button\" style=\"min-width:200px;background:#dddddd;color:#000;font-weight: 600;border: 1px solid #dddddd;border-radius:4px;font-size:12px;padding: 6px 0;\" class=\"uqr_code_btn\">Download QR<\/button>\r\n           <\/a><\/div><\/div><\/div><\/div>","protected":false},"excerpt":{"rendered":"<p>Pol\u00edtica de privacidade Pol\u00edtica de Privacidade e Coleta de Dados Coleta de Dados Ao fornecer informa\u00e7\u00f5es para a realiza\u00e7\u00e3o de or\u00e7amentos e pedidos, coletamos os seguintes dados pessoais necess\u00e1rios para atender \u00e0s suas solicita\u00e7\u00f5es: Informa\u00e7\u00f5es de Contato: Nome completo, endere\u00e7o de e-mail, n\u00famero de telefone, endere\u00e7o postal e CPF. Informa\u00e7\u00f5es de Pedido: Detalhes espec\u00edficos dos [&hellip;]<\/p>\n","protected":false},"author":1,"featured_media":0,"parent":0,"menu_order":0,"comment_status":"closed","ping_status":"closed","template":"","meta":{"_eb_attr":"","footnotes":""},"class_list":["post-1136","page","type-page","status-publish","hentry"],"aioseo_notices":[],"_links":{"self":[{"href":"https:\/\/aquallux.com.br\/index.php?rest_route=\/wp\/v2\/pages\/1136","targetHints":{"allow":["GET"]}}],"collection":[{"href":"https:\/\/aquallux.com.br\/index.php?rest_route=\/wp\/v2\/pages"}],"about":[{"href":"https:\/\/aquallux.com.br\/index.php?rest_route=\/wp\/v2\/types\/page"}],"author":[{"embeddable":true,"href":"https:\/\/aquallux.com.br\/index.php?rest_route=\/wp\/v2\/users\/1"}],"replies":[{"embeddable":true,"href":"https:\/\/aquallux.com.br\/index.php?rest_route=%2Fwp%2Fv2%2Fcomments&post=1136"}],"version-history":[{"count":4,"href":"https:\/\/aquallux.com.br\/index.php?rest_route=\/wp\/v2\/pages\/1136\/revisions"}],"predecessor-version":[{"id":1140,"href":"https:\/\/aquallux.com.br\/index.php?rest_route=\/wp\/v2\/pages\/1136\/revisions\/1140"}],"wp:attachment":[{"href":"https:\/\/aquallux.com.br\/index.php?rest_route=%2Fwp%2Fv2%2Fmedia&parent=1136"}],"curies":[{"name":"wp","href":"https:\/\/api.w.org\/{rel}","templated":true}]}}